{"id":4,"date":"2012-11-16T16:50:44","date_gmt":"2012-11-16T15:50:44","guid":{"rendered":"http:\/\/binar.pl\/~faq\/?page_id=4"},"modified":"2012-11-16T17:41:31","modified_gmt":"2012-11-16T16:41:31","slug":"witamy","status":"publish","type":"page","link":"https:\/\/faq.binar.pl\/","title":{"rendered":"Witamy!"},"content":{"rendered":"<p><em>Je\u015bli jeste\u015b na tej stronie to masz jaki\u015b problem z komputerem i szukasz rozwi\u0105zania albo znalaz\u0142e\u015b rozwi\u0105zanie jakiego\u015b problemu i chcesz si\u0119 nim podzieli\u0107.<\/em><\/p>\n<p><em>Tak czy inaczej serdecznie zapraszamy na nasz\u0105 stron\u0119.<\/em><\/p>\n<p>REDAKCJA<\/p>\n","protected":false},"excerpt":{"rendered":"<p>Je\u015bli jeste\u015b na tej stronie to masz jaki\u015b problem z komputerem i szukasz rozwi\u0105zania albo znalaz\u0142e\u015b rozwi\u0105zanie jakiego\u015b problemu i chcesz si\u0119 nim podzieli\u0107. Tak czy inaczej serdecznie zapraszamy na nasz\u0105 stron\u0119. REDAKCJA<\/p>\n","protected":false},"author":1,"featured_media":0,"parent":0,"menu_order":0,"comment_status":"closed","ping_status":"closed","template":"","meta":{"footnotes":""},"class_list":["post-4","page","type-page","status-publish","hentry"],"_links":{"self":[{"href":"https:\/\/faq.binar.pl\/index.php?rest_route=\/wp\/v2\/pages\/4","targetHints":{"allow":["GET"]}}],"collection":[{"href":"https:\/\/faq.binar.pl\/index.php?rest_route=\/wp\/v2\/pages"}],"about":[{"href":"https:\/\/faq.binar.pl\/index.php?rest_route=\/wp\/v2\/types\/page"}],"author":[{"embeddable":true,"href":"https:\/\/faq.binar.pl\/index.php?rest_route=\/wp\/v2\/users\/1"}],"replies":[{"embeddable":true,"href":"https:\/\/faq.binar.pl\/index.php?rest_route=%2Fwp%2Fv2%2Fcomments&post=4"}],"version-history":[{"count":5,"href":"https:\/\/faq.binar.pl\/index.php?rest_route=\/wp\/v2\/pages\/4\/revisions"}],"predecessor-version":[{"id":22,"href":"https:\/\/faq.binar.pl\/index.php?rest_route=\/wp\/v2\/pages\/4\/revisions\/22"}],"wp:attachment":[{"href":"https:\/\/faq.binar.pl\/index.php?rest_route=%2Fwp%2Fv2%2Fmedia&parent=4"}],"curies":[{"name":"wp","href":"https:\/\/api.w.org\/{rel}","templated":true}]}}